{"id":40105,"date":"2024-03-21T10:59:07","date_gmt":"2024-03-21T10:59:07","guid":{"rendered":"https:\/\/trans.damatta.pt\/?post_type=product&#038;p=40105"},"modified":"2024-03-22T14:41:31","modified_gmt":"2024-03-22T14:41:31","slug":"servico-para-corte-de-presunto-inteiro","status":"publish","type":"product","link":"https:\/\/trans.damatta.pt\/en\/produto\/servico-para-corte-de-presunto-inteiro\/","title":{"rendered":"Servi\u00e7o para Corte de Presunto Inteiro"},"content":{"rendered":"","protected":false},"excerpt":{"rendered":"<p><span style=\"font-weight: 400;\">Descubra a arte do corte perfeito com o nosso servi\u00e7o especializado de corte manual de presunto. Os nossos mestres no corte de presunto fatiam por inteiro a sua pe\u00e7a, em finas lacas de presunto, uma experi\u00eancia que eleva o sabor e a apresenta\u00e7\u00e3o do produto.<\/span><\/p>\n<p><span style=\"font-weight: 400;\">Para apreciar o sabor e o aroma do produto, sugerimos que abra a embalagem 60 minutos antes de consumir e que o servia \u00e0 temperatura ambiente.<\/span><\/p>\n<p class=\"v1MsoNormal\">Ser\u00e3o enviadas 40 embalagens a v\u00e1cuo de 100g, com validades.<\/p>\n<p><strong>Servi\u00e7o apenas dispon\u00edvel na compra dos seguintes produtos: <a title=\"Presunto Reserva Pata Negra 24 meses\" href=\"https:\/\/loja.damatta.pt\/produto\/presunto-pata-negra-24-meses\/\" rel=\"bookmark\">Presunto Reserva Pata Negra 24 meses,<\/a> <a title=\"Presunto Reserva 12 meses\" href=\"https:\/\/loja.damatta.pt\/produto\/whole-cured-dry-ham-reserva-12-months\/\" rel=\"bookmark\">Presunto Reserva 12 meses<\/a>, <a title=\"Presunto Reserva 14 meses\" href=\"https:\/\/loja.damatta.pt\/produto\/presunto-reserva-14-meses\/\" rel=\"bookmark\">Presunto Reserva 14 meses <\/a>e <a title=\"Presunto 7 Meses sem Unha\" href=\"https:\/\/loja.damatta.pt\/produto\/presunto-7-meses-sem-unha\/\" rel=\"bookmark\">Presunto 7 Meses sem Unha<\/a>.<\/strong><\/p>\n<p>&nbsp;<\/p>\n<p>IVA inclu\u00eddo a taxa em vigor.<\/p>\n","protected":false},"featured_media":40106,"template":"","meta":[],"yoast_head":"<!-- This site is optimized with the Yoast SEO plugin v15.9.1 - https:\/\/yoast.com\/wordpress\/plugins\/seo\/ -->\n<title>Servi\u00e7o para Corte de Presunto Inteiro - Loja Damatta<\/title>\n<meta name=\"description\" content=\"Descubra a arte do corte perfeito com o nosso Servi\u00e7o para Corte de Presunto Inteiro. Os nossos mestres fatiam por inteiro em fatias finas.\" \/>\n<link rel=\"canonical\" href=\"https:\/\/trans.damatta.pt\/produto\/servico-para-corte-de-presunto-inteiro\/\" \/>\n<meta property=\"og:locale\" content=\"en_US\" \/>\n<meta property=\"og:type\" content=\"article\" \/>\n<meta property=\"og:title\" content=\"Servi\u00e7o para Corte de Presunto Inteiro - Loja Damatta\" \/>\n<meta property=\"og:description\" content=\"Descubra a arte do corte perfeito com o nosso Servi\u00e7o para Corte de Presunto Inteiro. Os nossos mestres fatiam por inteiro em fatias finas.\" \/>\n<meta property=\"og:url\" content=\"https:\/\/trans.damatta.pt\/produto\/servico-para-corte-de-presunto-inteiro\/\" \/>\n<meta property=\"og:site_name\" content=\"Loja Damatta\" \/>\n<meta property=\"article:modified_time\" content=\"2024-03-22T14:41:31+00:00\" \/>\n<meta property=\"og:image\" content=\"https:\/\/trans.damatta.pt\/wp-content\/uploads\/2024\/03\/1.png\" \/>\n\t<meta property=\"og:image:width\" content=\"1042\" \/>\n\t<meta property=\"og:image:height\" content=\"1042\" \/>\n<meta name=\"twitter:card\" content=\"summary_large_image\" \/>\n<script type=\"application\/ld+json\" class=\"yoast-schema-graph\">{\"@context\":\"https:\/\/schema.org\",\"@graph\":[{\"@type\":\"Organization\",\"@id\":\"https:\/\/trans.damatta.pt\/#organization\",\"name\":\"Damatta\",\"url\":\"https:\/\/trans.damatta.pt\/\",\"sameAs\":[],\"logo\":{\"@type\":\"ImageObject\",\"@id\":\"https:\/\/trans.damatta.pt\/#logo\",\"inLanguage\":\"en-US\",\"url\":\"https:\/\/trans.damatta.pt\/wp-content\/uploads\/2020\/11\/damatta-152.png\",\"width\":152,\"height\":152,\"caption\":\"Damatta\"},\"image\":{\"@id\":\"https:\/\/trans.damatta.pt\/#logo\"}},{\"@type\":\"WebSite\",\"@id\":\"https:\/\/trans.damatta.pt\/#website\",\"url\":\"https:\/\/trans.damatta.pt\/\",\"name\":\"Loja Damatta\",\"description\":\"O sabor da nossa origem\",\"publisher\":{\"@id\":\"https:\/\/trans.damatta.pt\/#organization\"},\"potentialAction\":[{\"@type\":\"SearchAction\",\"target\":\"https:\/\/trans.damatta.pt\/?s={search_term_string}\",\"query-input\":\"required name=search_term_string\"}],\"inLanguage\":\"en-US\"},{\"@type\":\"ImageObject\",\"@id\":\"https:\/\/trans.damatta.pt\/produto\/servico-para-corte-de-presunto-inteiro\/#primaryimage\",\"inLanguage\":\"en-US\",\"url\":\"https:\/\/trans.damatta.pt\/wp-content\/uploads\/2024\/03\/1.png\",\"width\":1042,\"height\":1042,\"caption\":\"Servi\\u00e7o para Corte de Presunto Inteiro\"},{\"@type\":\"WebPage\",\"@id\":\"https:\/\/trans.damatta.pt\/produto\/servico-para-corte-de-presunto-inteiro\/#webpage\",\"url\":\"https:\/\/trans.damatta.pt\/produto\/servico-para-corte-de-presunto-inteiro\/\",\"name\":\"Servi\\u00e7o para Corte de Presunto Inteiro - Loja Damatta\",\"isPartOf\":{\"@id\":\"https:\/\/trans.damatta.pt\/#website\"},\"primaryImageOfPage\":{\"@id\":\"https:\/\/trans.damatta.pt\/produto\/servico-para-corte-de-presunto-inteiro\/#primaryimage\"},\"datePublished\":\"2024-03-21T10:59:07+00:00\",\"dateModified\":\"2024-03-22T14:41:31+00:00\",\"description\":\"Descubra a arte do corte perfeito com o nosso Servi\\u00e7o para Corte de Presunto Inteiro. Os nossos mestres fatiam por inteiro em fatias finas.\",\"breadcrumb\":{\"@id\":\"https:\/\/trans.damatta.pt\/produto\/servico-para-corte-de-presunto-inteiro\/#breadcrumb\"},\"inLanguage\":\"en-US\",\"potentialAction\":[{\"@type\":\"ReadAction\",\"target\":[\"https:\/\/trans.damatta.pt\/produto\/servico-para-corte-de-presunto-inteiro\/\"]}]},{\"@type\":\"BreadcrumbList\",\"@id\":\"https:\/\/trans.damatta.pt\/produto\/servico-para-corte-de-presunto-inteiro\/#breadcrumb\",\"itemListElement\":[{\"@type\":\"ListItem\",\"position\":1,\"item\":{\"@type\":\"WebPage\",\"@id\":\"https:\/\/trans.damatta.pt\/\",\"url\":\"https:\/\/trans.damatta.pt\/\",\"name\":\"In\\u00edcio\"}},{\"@type\":\"ListItem\",\"position\":2,\"item\":{\"@type\":\"WebPage\",\"@id\":\"https:\/\/trans.damatta.pt\/en\/shop-2\/\",\"url\":\"https:\/\/trans.damatta.pt\/en\/shop-2\/\",\"name\":\"Shop\"}},{\"@type\":\"ListItem\",\"position\":3,\"item\":{\"@type\":\"WebPage\",\"@id\":\"https:\/\/trans.damatta.pt\/produto\/servico-para-corte-de-presunto-inteiro\/\",\"url\":\"https:\/\/trans.damatta.pt\/produto\/servico-para-corte-de-presunto-inteiro\/\",\"name\":\"Servi\\u00e7o para Corte de Presunto Inteiro\"}}]}]}<\/script>\n<!-- \/ Yoast SEO plugin. -->","_links":{"self":[{"href":"https:\/\/trans.damatta.pt\/en\/wp-json\/wp\/v2\/product\/40105"}],"collection":[{"href":"https:\/\/trans.damatta.pt\/en\/wp-json\/wp\/v2\/product"}],"about":[{"href":"https:\/\/trans.damatta.pt\/en\/wp-json\/wp\/v2\/types\/product"}],"wp:featuredmedia":[{"embeddable":true,"href":"https:\/\/trans.damatta.pt\/en\/wp-json\/wp\/v2\/media\/40106"}],"wp:attachment":[{"href":"https:\/\/trans.damatta.pt\/en\/wp-json\/wp\/v2\/media?parent=40105"}],"curies":[{"name":"wp","href":"https:\/\/api.w.org\/{rel}","templated":true}]}}