{"id":39359,"date":"2024-01-04T12:50:13","date_gmt":"2024-01-04T12:50:13","guid":{"rendered":"https:\/\/loja.damatta.pt\/?post_type=product&#038;p=39359"},"modified":"2024-03-01T11:14:08","modified_gmt":"2024-03-01T11:14:08","slug":"presunto-pata-negra-24-meses","status":"publish","type":"product","link":"https:\/\/trans.damatta.pt\/en\/produto\/presunto-pata-negra-24-meses\/","title":{"rendered":"Presunto Pata Negra 24 Meses"},"content":{"rendered":"","protected":false},"excerpt":{"rendered":"<p class=\"p1\">Aos 24 meses de cura, este presunto proveniente de Porco Preto Ib\u00e9rico incorpora um sabor lend\u00e1rio da mais alta qualidade, envolvendo os cinco sentidos. Em contacto com o paladar, cada presunto ib\u00e9rico revela uma irresist\u00edvel intensidade de sabores e aromas. Aprecie com champagne ou com vinhos tintos jovens.<\/p>\n<p>&nbsp;<\/p>\n<p class=\"p1\">Peso: 7,8 Kg<\/p>\n<p class=\"p1\">IVA inclu\u00eddo a taxa em vigor<\/p>\n","protected":false},"featured_media":39358,"template":"","meta":[],"yoast_head":"<!-- This site is optimized with the Yoast SEO plugin v15.9.1 - https:\/\/yoast.com\/wordpress\/plugins\/seo\/ -->\n<title>Presunto Pata Negra 24 Meses - Loja Damatta<\/title>\n<meta name=\"description\" content=\"Um Presunto Pata Negra 24 Meses com um sabor caracter\u00edstico e tipicamente portugu\u00eas.\" \/>\n<link rel=\"canonical\" href=\"https:\/\/trans.damatta.pt\/produto\/presunto-pata-negra-24-meses\/\" \/>\n<meta property=\"og:locale\" content=\"en_US\" \/>\n<meta property=\"og:type\" content=\"article\" \/>\n<meta property=\"og:title\" content=\"Presunto Pata Negra 24 Meses - Loja Damatta\" \/>\n<meta property=\"og:description\" content=\"Um Presunto Pata Negra 24 Meses com um sabor caracter\u00edstico e tipicamente portugu\u00eas.\" \/>\n<meta property=\"og:url\" content=\"https:\/\/trans.damatta.pt\/produto\/presunto-pata-negra-24-meses\/\" \/>\n<meta property=\"og:site_name\" content=\"Loja Damatta\" \/>\n<meta property=\"article:modified_time\" content=\"2024-03-01T11:14:08+00:00\" \/>\n<meta property=\"og:image\" content=\"https:\/\/trans.damatta.pt\/wp-content\/uploads\/2024\/01\/Untitled_design_-_2024-01-04T123424.578-removebg-preview.png\" \/>\n\t<meta property=\"og:image:width\" content=\"500\" \/>\n\t<meta property=\"og:image:height\" content=\"500\" \/>\n<meta name=\"twitter:card\" content=\"summary_large_image\" \/>\n<script type=\"application\/ld+json\" class=\"yoast-schema-graph\">{\"@context\":\"https:\/\/schema.org\",\"@graph\":[{\"@type\":\"Organization\",\"@id\":\"https:\/\/trans.damatta.pt\/#organization\",\"name\":\"Damatta\",\"url\":\"https:\/\/trans.damatta.pt\/\",\"sameAs\":[],\"logo\":{\"@type\":\"ImageObject\",\"@id\":\"https:\/\/trans.damatta.pt\/#logo\",\"inLanguage\":\"en-US\",\"url\":\"https:\/\/trans.damatta.pt\/wp-content\/uploads\/2020\/11\/damatta-152.png\",\"width\":152,\"height\":152,\"caption\":\"Damatta\"},\"image\":{\"@id\":\"https:\/\/trans.damatta.pt\/#logo\"}},{\"@type\":\"WebSite\",\"@id\":\"https:\/\/trans.damatta.pt\/#website\",\"url\":\"https:\/\/trans.damatta.pt\/\",\"name\":\"Loja Damatta\",\"description\":\"O sabor da nossa origem\",\"publisher\":{\"@id\":\"https:\/\/trans.damatta.pt\/#organization\"},\"potentialAction\":[{\"@type\":\"SearchAction\",\"target\":\"https:\/\/trans.damatta.pt\/?s={search_term_string}\",\"query-input\":\"required name=search_term_string\"}],\"inLanguage\":\"en-US\"},{\"@type\":\"ImageObject\",\"@id\":\"https:\/\/trans.damatta.pt\/produto\/presunto-pata-negra-24-meses\/#primaryimage\",\"inLanguage\":\"en-US\",\"url\":\"https:\/\/trans.damatta.pt\/wp-content\/uploads\/2024\/01\/Untitled_design_-_2024-01-04T123424.578-removebg-preview.png\",\"width\":500,\"height\":500},{\"@type\":\"WebPage\",\"@id\":\"https:\/\/trans.damatta.pt\/produto\/presunto-pata-negra-24-meses\/#webpage\",\"url\":\"https:\/\/trans.damatta.pt\/produto\/presunto-pata-negra-24-meses\/\",\"name\":\"Presunto Pata Negra 24 Meses - Loja Damatta\",\"isPartOf\":{\"@id\":\"https:\/\/trans.damatta.pt\/#website\"},\"primaryImageOfPage\":{\"@id\":\"https:\/\/trans.damatta.pt\/produto\/presunto-pata-negra-24-meses\/#primaryimage\"},\"datePublished\":\"2024-01-04T12:50:13+00:00\",\"dateModified\":\"2024-03-01T11:14:08+00:00\",\"description\":\"Um Presunto Pata Negra 24 Meses com um sabor caracter\\u00edstico e tipicamente portugu\\u00eas.\",\"breadcrumb\":{\"@id\":\"https:\/\/trans.damatta.pt\/produto\/presunto-pata-negra-24-meses\/#breadcrumb\"},\"inLanguage\":\"en-US\",\"potentialAction\":[{\"@type\":\"ReadAction\",\"target\":[\"https:\/\/trans.damatta.pt\/produto\/presunto-pata-negra-24-meses\/\"]}]},{\"@type\":\"BreadcrumbList\",\"@id\":\"https:\/\/trans.damatta.pt\/produto\/presunto-pata-negra-24-meses\/#breadcrumb\",\"itemListElement\":[{\"@type\":\"ListItem\",\"position\":1,\"item\":{\"@type\":\"WebPage\",\"@id\":\"https:\/\/trans.damatta.pt\/\",\"url\":\"https:\/\/trans.damatta.pt\/\",\"name\":\"In\\u00edcio\"}},{\"@type\":\"ListItem\",\"position\":2,\"item\":{\"@type\":\"WebPage\",\"@id\":\"https:\/\/trans.damatta.pt\/en\/shop-2\/\",\"url\":\"https:\/\/trans.damatta.pt\/en\/shop-2\/\",\"name\":\"Shop\"}},{\"@type\":\"ListItem\",\"position\":3,\"item\":{\"@type\":\"WebPage\",\"@id\":\"https:\/\/trans.damatta.pt\/produto\/presunto-pata-negra-24-meses\/\",\"url\":\"https:\/\/trans.damatta.pt\/produto\/presunto-pata-negra-24-meses\/\",\"name\":\"Presunto Pata Negra 24 Meses\"}}]}]}<\/script>\n<!-- \/ Yoast SEO plugin. -->","_links":{"self":[{"href":"https:\/\/trans.damatta.pt\/en\/wp-json\/wp\/v2\/product\/39359"}],"collection":[{"href":"https:\/\/trans.damatta.pt\/en\/wp-json\/wp\/v2\/product"}],"about":[{"href":"https:\/\/trans.damatta.pt\/en\/wp-json\/wp\/v2\/types\/product"}],"wp:featuredmedia":[{"embeddable":true,"href":"https:\/\/trans.damatta.pt\/en\/wp-json\/wp\/v2\/media\/39358"}],"wp:attachment":[{"href":"https:\/\/trans.damatta.pt\/en\/wp-json\/wp\/v2\/media?parent=39359"}],"curies":[{"name":"wp","href":"https:\/\/api.w.org\/{rel}","templated":true}]}}