{"id":39194,"date":"2023-12-04T17:30:37","date_gmt":"2023-12-04T17:30:37","guid":{"rendered":"https:\/\/loja.damatta.pt\/?post_type=product&#038;p=39194"},"modified":"2024-03-01T11:14:08","modified_gmt":"2024-03-01T11:14:08","slug":"cabaz-geracoes","status":"publish","type":"product","link":"https:\/\/trans.damatta.pt\/en\/produto\/cabaz-geracoes\/","title":{"rendered":"Cabaz Gera\u00e7\u00f5es"},"content":{"rendered":"","protected":false},"excerpt":{"rendered":"<p>O cabaz ideal para unir gera\u00e7\u00f5es. Partilhe este momento de sabor da verdadeira charcutaria portuguesa com a ajuda de um divertido jogo em madeira. Neste cabaz vai encontrar:<\/p>\n<p class=\"v1MsoListParagraph\">\u2013 1 Embalagem de Presunto Reserva 14 Meses Fatiado 70g<\/p>\n<p class=\"v1MsoListParagraph\">\u2013 1 Embalagem de Presunto Reserva 12 Meses Fatiado 70g<\/p>\n<p class=\"v1MsoListParagraph\">\u2013 1 Embalagem de Tapas Chouri\u00e7\u00e3o Castelhano&amp;Salame 100g<\/p>\n<p class=\"v1MsoListParagraph\">\u2013 1 Embalagem de Tapas Chouri\u00e7o Alentejano e Transmontano 100g<\/p>\n<p class=\"v1MsoListParagraph\">\u2013\u00a0 1 jogo de habilidade f\u00edsica em madeira de Oferta<\/p>\n<p>&nbsp;<\/p>\n<p>IVA inclu\u00eddo a taxa em vigor<\/p>\n<p class=\"v1MsoNormal\">\n","protected":false},"featured_media":39196,"template":"","meta":[],"yoast_head":"<!-- This site is optimized with the Yoast SEO plugin v15.9.1 - https:\/\/yoast.com\/wordpress\/plugins\/seo\/ -->\n<title>Cabaz Gera\u00e7\u00f5es - Loja Damatta<\/title>\n<meta name=\"description\" content=\"Um Cabaz Gera\u00e7\u00f5es com um sabor caracter\u00edstico e tipicamente portugu\u00eas.\" \/>\n<link rel=\"canonical\" href=\"https:\/\/trans.damatta.pt\/produto\/cabaz-geracoes\/\" \/>\n<meta property=\"og:locale\" content=\"en_US\" \/>\n<meta property=\"og:type\" content=\"article\" \/>\n<meta property=\"og:title\" content=\"Cabaz Gera\u00e7\u00f5es - Loja Damatta\" \/>\n<meta property=\"og:description\" content=\"Um Cabaz Gera\u00e7\u00f5es com um sabor caracter\u00edstico e tipicamente portugu\u00eas.\" \/>\n<meta property=\"og:url\" content=\"https:\/\/trans.damatta.pt\/produto\/cabaz-geracoes\/\" \/>\n<meta property=\"og:site_name\" content=\"Loja Damatta\" \/>\n<meta property=\"article:modified_time\" content=\"2024-03-01T11:14:08+00:00\" \/>\n<meta property=\"og:image\" content=\"https:\/\/trans.damatta.pt\/wp-content\/uploads\/2023\/12\/CABAZ_GERACOES-removebg.png\" \/>\n\t<meta property=\"og:image:width\" content=\"1042\" \/>\n\t<meta property=\"og:image:height\" content=\"1042\" \/>\n<meta name=\"twitter:card\" content=\"summary_large_image\" \/>\n<script type=\"application\/ld+json\" class=\"yoast-schema-graph\">{\"@context\":\"https:\/\/schema.org\",\"@graph\":[{\"@type\":\"Organization\",\"@id\":\"https:\/\/trans.damatta.pt\/#organization\",\"name\":\"Damatta\",\"url\":\"https:\/\/trans.damatta.pt\/\",\"sameAs\":[],\"logo\":{\"@type\":\"ImageObject\",\"@id\":\"https:\/\/trans.damatta.pt\/#logo\",\"inLanguage\":\"en-US\",\"url\":\"https:\/\/trans.damatta.pt\/wp-content\/uploads\/2020\/11\/damatta-152.png\",\"width\":152,\"height\":152,\"caption\":\"Damatta\"},\"image\":{\"@id\":\"https:\/\/trans.damatta.pt\/#logo\"}},{\"@type\":\"WebSite\",\"@id\":\"https:\/\/trans.damatta.pt\/#website\",\"url\":\"https:\/\/trans.damatta.pt\/\",\"name\":\"Loja Damatta\",\"description\":\"O sabor da nossa origem\",\"publisher\":{\"@id\":\"https:\/\/trans.damatta.pt\/#organization\"},\"potentialAction\":[{\"@type\":\"SearchAction\",\"target\":\"https:\/\/trans.damatta.pt\/?s={search_term_string}\",\"query-input\":\"required name=search_term_string\"}],\"inLanguage\":\"en-US\"},{\"@type\":\"ImageObject\",\"@id\":\"https:\/\/trans.damatta.pt\/produto\/cabaz-geracoes\/#primaryimage\",\"inLanguage\":\"en-US\",\"url\":\"https:\/\/trans.damatta.pt\/wp-content\/uploads\/2023\/12\/CABAZ_GERACOES-removebg.png\",\"width\":1042,\"height\":1042},{\"@type\":\"WebPage\",\"@id\":\"https:\/\/trans.damatta.pt\/produto\/cabaz-geracoes\/#webpage\",\"url\":\"https:\/\/trans.damatta.pt\/produto\/cabaz-geracoes\/\",\"name\":\"Cabaz Gera\\u00e7\\u00f5es - Loja Damatta\",\"isPartOf\":{\"@id\":\"https:\/\/trans.damatta.pt\/#website\"},\"primaryImageOfPage\":{\"@id\":\"https:\/\/trans.damatta.pt\/produto\/cabaz-geracoes\/#primaryimage\"},\"datePublished\":\"2023-12-04T17:30:37+00:00\",\"dateModified\":\"2024-03-01T11:14:08+00:00\",\"description\":\"Um Cabaz Gera\\u00e7\\u00f5es com um sabor caracter\\u00edstico e tipicamente portugu\\u00eas.\",\"breadcrumb\":{\"@id\":\"https:\/\/trans.damatta.pt\/produto\/cabaz-geracoes\/#breadcrumb\"},\"inLanguage\":\"en-US\",\"potentialAction\":[{\"@type\":\"ReadAction\",\"target\":[\"https:\/\/trans.damatta.pt\/produto\/cabaz-geracoes\/\"]}]},{\"@type\":\"BreadcrumbList\",\"@id\":\"https:\/\/trans.damatta.pt\/produto\/cabaz-geracoes\/#breadcrumb\",\"itemListElement\":[{\"@type\":\"ListItem\",\"position\":1,\"item\":{\"@type\":\"WebPage\",\"@id\":\"https:\/\/trans.damatta.pt\/\",\"url\":\"https:\/\/trans.damatta.pt\/\",\"name\":\"In\\u00edcio\"}},{\"@type\":\"ListItem\",\"position\":2,\"item\":{\"@type\":\"WebPage\",\"@id\":\"https:\/\/trans.damatta.pt\/en\/shop-2\/\",\"url\":\"https:\/\/trans.damatta.pt\/en\/shop-2\/\",\"name\":\"Shop\"}},{\"@type\":\"ListItem\",\"position\":3,\"item\":{\"@type\":\"WebPage\",\"@id\":\"https:\/\/trans.damatta.pt\/produto\/cabaz-geracoes\/\",\"url\":\"https:\/\/trans.damatta.pt\/produto\/cabaz-geracoes\/\",\"name\":\"Cabaz Gera\\u00e7\\u00f5es\"}}]}]}<\/script>\n<!-- \/ Yoast SEO plugin. -->","_links":{"self":[{"href":"https:\/\/trans.damatta.pt\/en\/wp-json\/wp\/v2\/product\/39194"}],"collection":[{"href":"https:\/\/trans.damatta.pt\/en\/wp-json\/wp\/v2\/product"}],"about":[{"href":"https:\/\/trans.damatta.pt\/en\/wp-json\/wp\/v2\/types\/product"}],"wp:featuredmedia":[{"embeddable":true,"href":"https:\/\/trans.damatta.pt\/en\/wp-json\/wp\/v2\/media\/39196"}],"wp:attachment":[{"href":"https:\/\/trans.damatta.pt\/en\/wp-json\/wp\/v2\/media?parent=39194"}],"curies":[{"name":"wp","href":"https:\/\/api.w.org\/{rel}","templated":true}]}}