{"id":38976,"date":"2023-10-31T11:02:51","date_gmt":"2023-10-31T11:02:51","guid":{"rendered":"https:\/\/loja.damatta.pt\/?post_type=product&#038;p=38976"},"modified":"2024-02-05T11:48:13","modified_gmt":"2024-02-05T11:48:13","slug":"pack-presunto-quartos-500g-oferta-tabua-de-corte","status":"publish","type":"product","link":"https:\/\/trans.damatta.pt\/en\/produto\/pack-presunto-quartos-500g-oferta-tabua-de-corte\/","title":{"rendered":"Pack Presunto Quartos 500g Oferta T\u00e1bua de Corte"},"content":{"rendered":"","protected":false},"excerpt":{"rendered":"<p>Presunto proveniente do porco branco, caracterizado por um aroma e sabor caracter\u00edsticos de curado. Inclui uma t\u00e1bua de corte.<\/p>\n<p>IVA inclu\u00eddo a taxa em vigor<\/p>\n","protected":false},"featured_media":38978,"template":"","meta":[],"yoast_head":"<!-- This site is optimized with the Yoast SEO plugin v15.9.1 - https:\/\/yoast.com\/wordpress\/plugins\/seo\/ -->\n<title>Pack Presunto Quartos 500g Oferta T\u00e1bua de Corte - Loja Damatta<\/title>\n<meta name=\"description\" content=\"Um Pack Presunto Quartos 500g Oferta T\u00e1bua de Corte com um sabor caracter\u00edstico e tipicamente portugu\u00eas.\" \/>\n<link rel=\"canonical\" href=\"https:\/\/trans.damatta.pt\/produto\/pack-presunto-quartos-500g-oferta-tabua-de-corte\/\" \/>\n<meta property=\"og:locale\" content=\"en_US\" \/>\n<meta property=\"og:type\" content=\"article\" \/>\n<meta property=\"og:title\" content=\"Pack Presunto Quartos 500g Oferta T\u00e1bua de Corte - Loja Damatta\" \/>\n<meta property=\"og:description\" content=\"Um Pack Presunto Quartos 500g Oferta T\u00e1bua de Corte com um sabor caracter\u00edstico e tipicamente portugu\u00eas.\" \/>\n<meta property=\"og:url\" content=\"https:\/\/trans.damatta.pt\/produto\/pack-presunto-quartos-500g-oferta-tabua-de-corte\/\" \/>\n<meta property=\"og:site_name\" content=\"Loja Damatta\" \/>\n<meta property=\"article:modified_time\" content=\"2024-02-05T11:48:13+00:00\" \/>\n<meta property=\"og:image\" content=\"https:\/\/trans.damatta.pt\/wp-content\/uploads\/2023\/10\/New-Project-38.png\" \/>\n\t<meta property=\"og:image:width\" content=\"700\" \/>\n\t<meta property=\"og:image:height\" content=\"700\" \/>\n<meta name=\"twitter:card\" content=\"summary_large_image\" \/>\n<script type=\"application\/ld+json\" class=\"yoast-schema-graph\">{\"@context\":\"https:\/\/schema.org\",\"@graph\":[{\"@type\":\"Organization\",\"@id\":\"https:\/\/trans.damatta.pt\/#organization\",\"name\":\"Damatta\",\"url\":\"https:\/\/trans.damatta.pt\/\",\"sameAs\":[],\"logo\":{\"@type\":\"ImageObject\",\"@id\":\"https:\/\/trans.damatta.pt\/#logo\",\"inLanguage\":\"en-US\",\"url\":\"https:\/\/trans.damatta.pt\/wp-content\/uploads\/2020\/11\/damatta-152.png\",\"width\":152,\"height\":152,\"caption\":\"Damatta\"},\"image\":{\"@id\":\"https:\/\/trans.damatta.pt\/#logo\"}},{\"@type\":\"WebSite\",\"@id\":\"https:\/\/trans.damatta.pt\/#website\",\"url\":\"https:\/\/trans.damatta.pt\/\",\"name\":\"Loja Damatta\",\"description\":\"O sabor da nossa origem\",\"publisher\":{\"@id\":\"https:\/\/trans.damatta.pt\/#organization\"},\"potentialAction\":[{\"@type\":\"SearchAction\",\"target\":\"https:\/\/trans.damatta.pt\/?s={search_term_string}\",\"query-input\":\"required name=search_term_string\"}],\"inLanguage\":\"en-US\"},{\"@type\":\"ImageObject\",\"@id\":\"https:\/\/trans.damatta.pt\/produto\/pack-presunto-quartos-500g-oferta-tabua-de-corte\/#primaryimage\",\"inLanguage\":\"en-US\",\"url\":\"https:\/\/trans.damatta.pt\/wp-content\/uploads\/2023\/10\/New-Project-38.png\",\"width\":700,\"height\":700},{\"@type\":\"WebPage\",\"@id\":\"https:\/\/trans.damatta.pt\/produto\/pack-presunto-quartos-500g-oferta-tabua-de-corte\/#webpage\",\"url\":\"https:\/\/trans.damatta.pt\/produto\/pack-presunto-quartos-500g-oferta-tabua-de-corte\/\",\"name\":\"Pack Presunto Quartos 500g Oferta T\\u00e1bua de Corte - Loja Damatta\",\"isPartOf\":{\"@id\":\"https:\/\/trans.damatta.pt\/#website\"},\"primaryImageOfPage\":{\"@id\":\"https:\/\/trans.damatta.pt\/produto\/pack-presunto-quartos-500g-oferta-tabua-de-corte\/#primaryimage\"},\"datePublished\":\"2023-10-31T11:02:51+00:00\",\"dateModified\":\"2024-02-05T11:48:13+00:00\",\"description\":\"Um Pack Presunto Quartos 500g Oferta T\\u00e1bua de Corte com um sabor caracter\\u00edstico e tipicamente portugu\\u00eas.\",\"breadcrumb\":{\"@id\":\"https:\/\/trans.damatta.pt\/produto\/pack-presunto-quartos-500g-oferta-tabua-de-corte\/#breadcrumb\"},\"inLanguage\":\"en-US\",\"potentialAction\":[{\"@type\":\"ReadAction\",\"target\":[\"https:\/\/trans.damatta.pt\/produto\/pack-presunto-quartos-500g-oferta-tabua-de-corte\/\"]}]},{\"@type\":\"BreadcrumbList\",\"@id\":\"https:\/\/trans.damatta.pt\/produto\/pack-presunto-quartos-500g-oferta-tabua-de-corte\/#breadcrumb\",\"itemListElement\":[{\"@type\":\"ListItem\",\"position\":1,\"item\":{\"@type\":\"WebPage\",\"@id\":\"https:\/\/trans.damatta.pt\/\",\"url\":\"https:\/\/trans.damatta.pt\/\",\"name\":\"In\\u00edcio\"}},{\"@type\":\"ListItem\",\"position\":2,\"item\":{\"@type\":\"WebPage\",\"@id\":\"https:\/\/trans.damatta.pt\/en\/shop-2\/\",\"url\":\"https:\/\/trans.damatta.pt\/en\/shop-2\/\",\"name\":\"Shop\"}},{\"@type\":\"ListItem\",\"position\":3,\"item\":{\"@type\":\"WebPage\",\"@id\":\"https:\/\/trans.damatta.pt\/produto\/pack-presunto-quartos-500g-oferta-tabua-de-corte\/\",\"url\":\"https:\/\/trans.damatta.pt\/produto\/pack-presunto-quartos-500g-oferta-tabua-de-corte\/\",\"name\":\"Pack Presunto Quartos 500g Oferta T\\u00e1bua de Corte\"}}]}]}<\/script>\n<!-- \/ Yoast SEO plugin. -->","_links":{"self":[{"href":"https:\/\/trans.damatta.pt\/en\/wp-json\/wp\/v2\/product\/38976"}],"collection":[{"href":"https:\/\/trans.damatta.pt\/en\/wp-json\/wp\/v2\/product"}],"about":[{"href":"https:\/\/trans.damatta.pt\/en\/wp-json\/wp\/v2\/types\/product"}],"wp:featuredmedia":[{"embeddable":true,"href":"https:\/\/trans.damatta.pt\/en\/wp-json\/wp\/v2\/media\/38978"}],"wp:attachment":[{"href":"https:\/\/trans.damatta.pt\/en\/wp-json\/wp\/v2\/media?parent=38976"}],"curies":[{"name":"wp","href":"https:\/\/api.w.org\/{rel}","templated":true}]}}