{"id":38492,"date":"2022-10-21T17:00:23","date_gmt":"2022-10-21T17:00:23","guid":{"rendered":"https:\/\/loja.damatta.pt\/?post_type=product&#038;p=38492"},"modified":"2024-02-07T11:53:10","modified_gmt":"2024-02-07T11:53:10","slug":"cabaz-tapas-damatta","status":"publish","type":"product","link":"https:\/\/trans.damatta.pt\/en\/produto\/cabaz-tapas-damatta\/","title":{"rendered":"Cabaz Tapas Damatta"},"content":{"rendered":"","protected":false},"excerpt":{"rendered":"<p>Surpreenda-se com este cabaz Tapas, ideal para reunir fam\u00edlia e amigos e partilhar esta combina\u00e7\u00e3o de enchidos bem portugueses com um sabor inigual\u00e1vel que apela \u00e0 nossa gastronomia. Curados e fumados nos m\u00e9todos tradicionais.<\/p>\n<p>&#8211; 1 Embalagem de Tapas presunto 120g<\/p>\n<p>&#8211; 1 Embalagem de Tapas Chouri\u00e7\u00e3o Castelhano&amp;Salame 100g<\/p>\n<p>&#8211; 1 Embalagem de Tapas Chouri\u00e7o Alentejano e Transmontano 100g<\/p>\n<p>&#8211; 1 Embalagem de Tapas Chouri\u00e7\u00e3o Castelhano 100g<\/p>\n<p>&#8211;\u00a0 1 t\u00e1bua de corte de Oferta<\/p>\n<p>Estes 4 fatiados v\u00e3o numa embalagem amiga do ambiente, com -70% de pl\u00e1stico, e os seus tabuleiros em cart\u00e3o, com um visual de xisto, s\u00e3o ideiais para servir diretamente \u00e0 mesa.<span class=\"Apple-converted-space\">\u00a0 \u00a0<\/span><\/p>\n<p>&nbsp;<\/p>\n","protected":false},"featured_media":38899,"template":"","meta":[],"yoast_head":"<!-- This site is optimized with the Yoast SEO plugin v15.9.1 - https:\/\/yoast.com\/wordpress\/plugins\/seo\/ -->\n<title>Cabaz Tapas Damatta - Loja Damatta<\/title>\n<meta name=\"description\" content=\"Um Cabaz Tapas Damatta com um sabor caracter\u00edstico e tipicamente portugu\u00eas.\" \/>\n<link rel=\"canonical\" href=\"https:\/\/trans.damatta.pt\/produto\/cabaz-tapas-damatta\/\" \/>\n<meta property=\"og:locale\" content=\"en_US\" \/>\n<meta property=\"og:type\" content=\"article\" \/>\n<meta property=\"og:title\" content=\"Cabaz Tapas Damatta - Loja Damatta\" \/>\n<meta property=\"og:description\" content=\"Um Cabaz Tapas Damatta com um sabor caracter\u00edstico e tipicamente portugu\u00eas.\" \/>\n<meta property=\"og:url\" content=\"https:\/\/trans.damatta.pt\/produto\/cabaz-tapas-damatta\/\" \/>\n<meta property=\"og:site_name\" content=\"Loja Damatta\" \/>\n<meta property=\"article:modified_time\" content=\"2024-02-07T11:53:10+00:00\" \/>\n<meta property=\"og:image\" content=\"https:\/\/trans.damatta.pt\/wp-content\/uploads\/2022\/10\/cabaz-tapas.png\" \/>\n\t<meta property=\"og:image:width\" content=\"1042\" \/>\n\t<meta property=\"og:image:height\" content=\"1042\" \/>\n<meta name=\"twitter:card\" content=\"summary_large_image\" \/>\n<script type=\"application\/ld+json\" class=\"yoast-schema-graph\">{\"@context\":\"https:\/\/schema.org\",\"@graph\":[{\"@type\":\"Organization\",\"@id\":\"https:\/\/trans.damatta.pt\/#organization\",\"name\":\"Damatta\",\"url\":\"https:\/\/trans.damatta.pt\/\",\"sameAs\":[],\"logo\":{\"@type\":\"ImageObject\",\"@id\":\"https:\/\/trans.damatta.pt\/#logo\",\"inLanguage\":\"en-US\",\"url\":\"https:\/\/trans.damatta.pt\/wp-content\/uploads\/2020\/11\/damatta-152.png\",\"width\":152,\"height\":152,\"caption\":\"Damatta\"},\"image\":{\"@id\":\"https:\/\/trans.damatta.pt\/#logo\"}},{\"@type\":\"WebSite\",\"@id\":\"https:\/\/trans.damatta.pt\/#website\",\"url\":\"https:\/\/trans.damatta.pt\/\",\"name\":\"Loja Damatta\",\"description\":\"O sabor da nossa origem\",\"publisher\":{\"@id\":\"https:\/\/trans.damatta.pt\/#organization\"},\"potentialAction\":[{\"@type\":\"SearchAction\",\"target\":\"https:\/\/trans.damatta.pt\/?s={search_term_string}\",\"query-input\":\"required name=search_term_string\"}],\"inLanguage\":\"en-US\"},{\"@type\":\"ImageObject\",\"@id\":\"https:\/\/trans.damatta.pt\/produto\/cabaz-tapas-damatta\/#primaryimage\",\"inLanguage\":\"en-US\",\"url\":\"https:\/\/trans.damatta.pt\/wp-content\/uploads\/2022\/10\/cabaz-tapas.png\",\"width\":1042,\"height\":1042},{\"@type\":\"WebPage\",\"@id\":\"https:\/\/trans.damatta.pt\/produto\/cabaz-tapas-damatta\/#webpage\",\"url\":\"https:\/\/trans.damatta.pt\/produto\/cabaz-tapas-damatta\/\",\"name\":\"Cabaz Tapas Damatta - Loja Damatta\",\"isPartOf\":{\"@id\":\"https:\/\/trans.damatta.pt\/#website\"},\"primaryImageOfPage\":{\"@id\":\"https:\/\/trans.damatta.pt\/produto\/cabaz-tapas-damatta\/#primaryimage\"},\"datePublished\":\"2022-10-21T17:00:23+00:00\",\"dateModified\":\"2024-02-07T11:53:10+00:00\",\"description\":\"Um Cabaz Tapas Damatta com um sabor caracter\\u00edstico e tipicamente portugu\\u00eas.\",\"breadcrumb\":{\"@id\":\"https:\/\/trans.damatta.pt\/produto\/cabaz-tapas-damatta\/#breadcrumb\"},\"inLanguage\":\"en-US\",\"potentialAction\":[{\"@type\":\"ReadAction\",\"target\":[\"https:\/\/trans.damatta.pt\/produto\/cabaz-tapas-damatta\/\"]}]},{\"@type\":\"BreadcrumbList\",\"@id\":\"https:\/\/trans.damatta.pt\/produto\/cabaz-tapas-damatta\/#breadcrumb\",\"itemListElement\":[{\"@type\":\"ListItem\",\"position\":1,\"item\":{\"@type\":\"WebPage\",\"@id\":\"https:\/\/trans.damatta.pt\/\",\"url\":\"https:\/\/trans.damatta.pt\/\",\"name\":\"In\\u00edcio\"}},{\"@type\":\"ListItem\",\"position\":2,\"item\":{\"@type\":\"WebPage\",\"@id\":\"https:\/\/trans.damatta.pt\/en\/shop-2\/\",\"url\":\"https:\/\/trans.damatta.pt\/en\/shop-2\/\",\"name\":\"Shop\"}},{\"@type\":\"ListItem\",\"position\":3,\"item\":{\"@type\":\"WebPage\",\"@id\":\"https:\/\/trans.damatta.pt\/produto\/cabaz-tapas-damatta\/\",\"url\":\"https:\/\/trans.damatta.pt\/produto\/cabaz-tapas-damatta\/\",\"name\":\"Cabaz Tapas Damatta\"}}]}]}<\/script>\n<!-- \/ Yoast SEO plugin. -->","_links":{"self":[{"href":"https:\/\/trans.damatta.pt\/en\/wp-json\/wp\/v2\/product\/38492"}],"collection":[{"href":"https:\/\/trans.damatta.pt\/en\/wp-json\/wp\/v2\/product"}],"about":[{"href":"https:\/\/trans.damatta.pt\/en\/wp-json\/wp\/v2\/types\/product"}],"wp:featuredmedia":[{"embeddable":true,"href":"https:\/\/trans.damatta.pt\/en\/wp-json\/wp\/v2\/media\/38899"}],"wp:attachment":[{"href":"https:\/\/trans.damatta.pt\/en\/wp-json\/wp\/v2\/media?parent=38492"}],"curies":[{"name":"wp","href":"https:\/\/api.w.org\/{rel}","templated":true}]}}