{"id":38368,"date":"2022-05-24T10:16:12","date_gmt":"2022-05-24T10:16:12","guid":{"rendered":"https:\/\/loja.damatta.pt\/?post_type=product&#038;p=38368"},"modified":"2024-01-16T18:15:03","modified_gmt":"2024-01-16T18:15:03","slug":"tapas-chourico-alentejano-e-transmontano-100g","status":"publish","type":"product","link":"https:\/\/trans.damatta.pt\/en\/produto\/tapas-chourico-alentejano-e-transmontano-100g\/","title":{"rendered":"Tapas Chouri\u00e7o Alentejano e Transmontano &#8211; 100g"},"content":{"rendered":"","protected":false},"excerpt":{"rendered":"<p>A combina\u00e7\u00e3o perfeita entre o sabor genu\u00edno tradicional portugu\u00eas e a facilidade de brilhar em jantares de tapas com amigos.<\/p>\n<p>Junt\u00e1mos dois chouri\u00e7os regionais, o Chouri\u00e7\u00e3o Alentejano e o Transmontano, e cri\u00e1mos uma combina\u00e7\u00e3o de sabores genuinamente tradicionais, perfeita para partilhar. Respeitamos as antigas receitas regionais e utilizamos o m\u00e9todo de fumeiro original, com lenha de sobro e azinho, que confere aos nossos chouri\u00e7os um sabor verdadeiro. A sua embalagem inovadora, com recurso a menos de 70% de pl\u00e1stico, apresenta um design pensado para ser mais amigo do ambiente e servido diretamente na mesa para compor entradas e partilhar entre amigos e fam\u00edlia. Ideal para quem privilegia a qualidade e a praticidade num s\u00f3 produto.<\/p>\n<p class=\"p1\">100g<\/p>\n","protected":false},"featured_media":38907,"template":"","meta":[],"yoast_head":"<!-- This site is optimized with the Yoast SEO plugin v15.9.1 - https:\/\/yoast.com\/wordpress\/plugins\/seo\/ -->\n<title>Tapas Chouri\u00e7o Alentejano e Transmontano - 100g - Loja Damatta<\/title>\n<meta name=\"description\" content=\"Um Tapas Chouri\u00e7o Alentejano e Transmontano - 100g com um sabor caracter\u00edstico e tipicamente portugu\u00eas.\" \/>\n<link rel=\"canonical\" href=\"https:\/\/trans.damatta.pt\/produto\/tapas-chourico-alentejano-e-transmontano-100g\/\" \/>\n<meta property=\"og:locale\" content=\"en_US\" \/>\n<meta property=\"og:type\" content=\"article\" \/>\n<meta property=\"og:title\" content=\"Tapas Chouri\u00e7o Alentejano e Transmontano - 100g - Loja Damatta\" \/>\n<meta property=\"og:description\" content=\"Um Tapas Chouri\u00e7o Alentejano e Transmontano - 100g com um sabor caracter\u00edstico e tipicamente portugu\u00eas.\" \/>\n<meta property=\"og:url\" content=\"https:\/\/trans.damatta.pt\/produto\/tapas-chourico-alentejano-e-transmontano-100g\/\" \/>\n<meta property=\"og:site_name\" content=\"Loja Damatta\" \/>\n<meta property=\"article:modified_time\" content=\"2024-01-16T18:15:03+00:00\" \/>\n<meta property=\"og:image\" content=\"https:\/\/trans.damatta.pt\/wp-content\/uploads\/2022\/05\/310879-TAPAS_Chourico-Alentejanoe-Transmontano-100g-A-Damatta-724x1024.png\" \/>\n\t<meta property=\"og:image:width\" content=\"724\" \/>\n\t<meta property=\"og:image:height\" content=\"1024\" \/>\n<meta name=\"twitter:card\" content=\"summary_large_image\" \/>\n<script type=\"application\/ld+json\" class=\"yoast-schema-graph\">{\"@context\":\"https:\/\/schema.org\",\"@graph\":[{\"@type\":\"Organization\",\"@id\":\"https:\/\/trans.damatta.pt\/#organization\",\"name\":\"Damatta\",\"url\":\"https:\/\/trans.damatta.pt\/\",\"sameAs\":[],\"logo\":{\"@type\":\"ImageObject\",\"@id\":\"https:\/\/trans.damatta.pt\/#logo\",\"inLanguage\":\"en-US\",\"url\":\"https:\/\/trans.damatta.pt\/wp-content\/uploads\/2020\/11\/damatta-152.png\",\"width\":152,\"height\":152,\"caption\":\"Damatta\"},\"image\":{\"@id\":\"https:\/\/trans.damatta.pt\/#logo\"}},{\"@type\":\"WebSite\",\"@id\":\"https:\/\/trans.damatta.pt\/#website\",\"url\":\"https:\/\/trans.damatta.pt\/\",\"name\":\"Loja Damatta\",\"description\":\"O sabor da nossa origem\",\"publisher\":{\"@id\":\"https:\/\/trans.damatta.pt\/#organization\"},\"potentialAction\":[{\"@type\":\"SearchAction\",\"target\":\"https:\/\/trans.damatta.pt\/?s={search_term_string}\",\"query-input\":\"required name=search_term_string\"}],\"inLanguage\":\"en-US\"},{\"@type\":\"ImageObject\",\"@id\":\"https:\/\/trans.damatta.pt\/produto\/tapas-chourico-alentejano-e-transmontano-100g\/#primaryimage\",\"inLanguage\":\"en-US\",\"url\":\"https:\/\/trans.damatta.pt\/wp-content\/uploads\/2022\/05\/310879-TAPAS_Chourico-Alentejanoe-Transmontano-100g-A-Damatta.png\",\"width\":2481,\"height\":3509},{\"@type\":\"WebPage\",\"@id\":\"https:\/\/trans.damatta.pt\/produto\/tapas-chourico-alentejano-e-transmontano-100g\/#webpage\",\"url\":\"https:\/\/trans.damatta.pt\/produto\/tapas-chourico-alentejano-e-transmontano-100g\/\",\"name\":\"Tapas Chouri\\u00e7o Alentejano e Transmontano - 100g - Loja Damatta\",\"isPartOf\":{\"@id\":\"https:\/\/trans.damatta.pt\/#website\"},\"primaryImageOfPage\":{\"@id\":\"https:\/\/trans.damatta.pt\/produto\/tapas-chourico-alentejano-e-transmontano-100g\/#primaryimage\"},\"datePublished\":\"2022-05-24T10:16:12+00:00\",\"dateModified\":\"2024-01-16T18:15:03+00:00\",\"description\":\"Um Tapas Chouri\\u00e7o Alentejano e Transmontano - 100g com um sabor caracter\\u00edstico e tipicamente portugu\\u00eas.\",\"breadcrumb\":{\"@id\":\"https:\/\/trans.damatta.pt\/produto\/tapas-chourico-alentejano-e-transmontano-100g\/#breadcrumb\"},\"inLanguage\":\"en-US\",\"potentialAction\":[{\"@type\":\"ReadAction\",\"target\":[\"https:\/\/trans.damatta.pt\/produto\/tapas-chourico-alentejano-e-transmontano-100g\/\"]}]},{\"@type\":\"BreadcrumbList\",\"@id\":\"https:\/\/trans.damatta.pt\/produto\/tapas-chourico-alentejano-e-transmontano-100g\/#breadcrumb\",\"itemListElement\":[{\"@type\":\"ListItem\",\"position\":1,\"item\":{\"@type\":\"WebPage\",\"@id\":\"https:\/\/trans.damatta.pt\/\",\"url\":\"https:\/\/trans.damatta.pt\/\",\"name\":\"In\\u00edcio\"}},{\"@type\":\"ListItem\",\"position\":2,\"item\":{\"@type\":\"WebPage\",\"@id\":\"https:\/\/trans.damatta.pt\/en\/shop-2\/\",\"url\":\"https:\/\/trans.damatta.pt\/en\/shop-2\/\",\"name\":\"Shop\"}},{\"@type\":\"ListItem\",\"position\":3,\"item\":{\"@type\":\"WebPage\",\"@id\":\"https:\/\/trans.damatta.pt\/produto\/tapas-chourico-alentejano-e-transmontano-100g\/\",\"url\":\"https:\/\/trans.damatta.pt\/produto\/tapas-chourico-alentejano-e-transmontano-100g\/\",\"name\":\"Tapas Chouri\\u00e7o Alentejano e Transmontano &#8211; 100g\"}}]}]}<\/script>\n<!-- \/ Yoast SEO plugin. -->","_links":{"self":[{"href":"https:\/\/trans.damatta.pt\/en\/wp-json\/wp\/v2\/product\/38368"}],"collection":[{"href":"https:\/\/trans.damatta.pt\/en\/wp-json\/wp\/v2\/product"}],"about":[{"href":"https:\/\/trans.damatta.pt\/en\/wp-json\/wp\/v2\/types\/product"}],"wp:featuredmedia":[{"embeddable":true,"href":"https:\/\/trans.damatta.pt\/en\/wp-json\/wp\/v2\/media\/38907"}],"wp:attachment":[{"href":"https:\/\/trans.damatta.pt\/en\/wp-json\/wp\/v2\/media?parent=38368"}],"curies":[{"name":"wp","href":"https:\/\/api.w.org\/{rel}","templated":true}]}}