{"id":37667,"date":"2021-09-24T08:42:21","date_gmt":"2021-09-24T08:42:21","guid":{"rendered":"https:\/\/loja.damatta.pt\/?post_type=product&#038;p=37667"},"modified":"2024-02-08T17:35:19","modified_gmt":"2024-02-08T17:35:19","slug":"tapas-presunto-120g","status":"publish","type":"product","link":"https:\/\/trans.damatta.pt\/en\/produto\/tapas-presunto-120g\/","title":{"rendered":"Tapas Presunto 120g"},"content":{"rendered":"","protected":false},"excerpt":{"rendered":"<p><span style=\"font-weight: 400;\">A requintada intensidade degustativa do presunto, converte-o num produto de excel\u00eancia. A sua embalagem inovadora, com recurso a menos de 70% de pl\u00e1stico, apresenta um design pensado para ser servido directamente \u00e0 mesa e compor umas entradas para partilhar entre amigos e fam\u00edlia. Ideal para quem privilegia a qualidade e a praticidade num s\u00f3 produto.<\/span><\/p>\n<p class=\"p1\">120g<\/p>\n<p class=\"p1\">IVA inclu\u00eddo a taxa em vigor<\/p>\n","protected":false},"featured_media":38906,"template":"","meta":[],"yoast_head":"<!-- This site is optimized with the Yoast SEO plugin v15.9.1 - https:\/\/yoast.com\/wordpress\/plugins\/seo\/ -->\n<title>Tapas Presunto 120g - Loja Damatta<\/title>\n<meta name=\"description\" content=\"Um Tapas Presunto 120g com um sabor caracter\u00edstico e tipicamente portugu\u00eas.\" \/>\n<link rel=\"canonical\" href=\"https:\/\/trans.damatta.pt\/produto\/tapas-presunto-120g\/\" \/>\n<meta property=\"og:locale\" content=\"en_US\" \/>\n<meta property=\"og:type\" content=\"article\" \/>\n<meta property=\"og:title\" content=\"Tapas Presunto 120g - Loja Damatta\" \/>\n<meta property=\"og:description\" content=\"Um Tapas Presunto 120g com um sabor caracter\u00edstico e tipicamente portugu\u00eas.\" \/>\n<meta property=\"og:url\" content=\"https:\/\/trans.damatta.pt\/produto\/tapas-presunto-120g\/\" \/>\n<meta property=\"og:site_name\" content=\"Loja Damatta\" \/>\n<meta property=\"article:modified_time\" content=\"2024-02-08T17:35:19+00:00\" \/>\n<meta property=\"og:image\" content=\"https:\/\/trans.damatta.pt\/wp-content\/uploads\/2021\/09\/310459-TAPAS_Presunto_12MesesCura-120g-Damatta-724x1024.png\" \/>\n\t<meta property=\"og:image:width\" content=\"724\" \/>\n\t<meta property=\"og:image:height\" content=\"1024\" \/>\n<meta name=\"twitter:card\" content=\"summary_large_image\" \/>\n<script type=\"application\/ld+json\" class=\"yoast-schema-graph\">{\"@context\":\"https:\/\/schema.org\",\"@graph\":[{\"@type\":\"Organization\",\"@id\":\"https:\/\/trans.damatta.pt\/#organization\",\"name\":\"Damatta\",\"url\":\"https:\/\/trans.damatta.pt\/\",\"sameAs\":[],\"logo\":{\"@type\":\"ImageObject\",\"@id\":\"https:\/\/trans.damatta.pt\/#logo\",\"inLanguage\":\"en-US\",\"url\":\"https:\/\/trans.damatta.pt\/wp-content\/uploads\/2020\/11\/damatta-152.png\",\"width\":152,\"height\":152,\"caption\":\"Damatta\"},\"image\":{\"@id\":\"https:\/\/trans.damatta.pt\/#logo\"}},{\"@type\":\"WebSite\",\"@id\":\"https:\/\/trans.damatta.pt\/#website\",\"url\":\"https:\/\/trans.damatta.pt\/\",\"name\":\"Loja Damatta\",\"description\":\"O sabor da nossa origem\",\"publisher\":{\"@id\":\"https:\/\/trans.damatta.pt\/#organization\"},\"potentialAction\":[{\"@type\":\"SearchAction\",\"target\":\"https:\/\/trans.damatta.pt\/?s={search_term_string}\",\"query-input\":\"required name=search_term_string\"}],\"inLanguage\":\"en-US\"},{\"@type\":\"ImageObject\",\"@id\":\"https:\/\/trans.damatta.pt\/produto\/tapas-presunto-120g\/#primaryimage\",\"inLanguage\":\"en-US\",\"url\":\"https:\/\/trans.damatta.pt\/wp-content\/uploads\/2021\/09\/310459-TAPAS_Presunto_12MesesCura-120g-Damatta.png\",\"width\":2481,\"height\":3509},{\"@type\":\"WebPage\",\"@id\":\"https:\/\/trans.damatta.pt\/produto\/tapas-presunto-120g\/#webpage\",\"url\":\"https:\/\/trans.damatta.pt\/produto\/tapas-presunto-120g\/\",\"name\":\"Tapas Presunto 120g - Loja Damatta\",\"isPartOf\":{\"@id\":\"https:\/\/trans.damatta.pt\/#website\"},\"primaryImageOfPage\":{\"@id\":\"https:\/\/trans.damatta.pt\/produto\/tapas-presunto-120g\/#primaryimage\"},\"datePublished\":\"2021-09-24T08:42:21+00:00\",\"dateModified\":\"2024-02-08T17:35:19+00:00\",\"description\":\"Um Tapas Presunto 120g com um sabor caracter\\u00edstico e tipicamente portugu\\u00eas.\",\"breadcrumb\":{\"@id\":\"https:\/\/trans.damatta.pt\/produto\/tapas-presunto-120g\/#breadcrumb\"},\"inLanguage\":\"en-US\",\"potentialAction\":[{\"@type\":\"ReadAction\",\"target\":[\"https:\/\/trans.damatta.pt\/produto\/tapas-presunto-120g\/\"]}]},{\"@type\":\"BreadcrumbList\",\"@id\":\"https:\/\/trans.damatta.pt\/produto\/tapas-presunto-120g\/#breadcrumb\",\"itemListElement\":[{\"@type\":\"ListItem\",\"position\":1,\"item\":{\"@type\":\"WebPage\",\"@id\":\"https:\/\/trans.damatta.pt\/\",\"url\":\"https:\/\/trans.damatta.pt\/\",\"name\":\"In\\u00edcio\"}},{\"@type\":\"ListItem\",\"position\":2,\"item\":{\"@type\":\"WebPage\",\"@id\":\"https:\/\/trans.damatta.pt\/en\/shop-2\/\",\"url\":\"https:\/\/trans.damatta.pt\/en\/shop-2\/\",\"name\":\"Shop\"}},{\"@type\":\"ListItem\",\"position\":3,\"item\":{\"@type\":\"WebPage\",\"@id\":\"https:\/\/trans.damatta.pt\/produto\/tapas-presunto-120g\/\",\"url\":\"https:\/\/trans.damatta.pt\/produto\/tapas-presunto-120g\/\",\"name\":\"Tapas Presunto 120g\"}}]}]}<\/script>\n<!-- \/ Yoast SEO plugin. -->","_links":{"self":[{"href":"https:\/\/trans.damatta.pt\/en\/wp-json\/wp\/v2\/product\/37667"}],"collection":[{"href":"https:\/\/trans.damatta.pt\/en\/wp-json\/wp\/v2\/product"}],"about":[{"href":"https:\/\/trans.damatta.pt\/en\/wp-json\/wp\/v2\/types\/product"}],"wp:featuredmedia":[{"embeddable":true,"href":"https:\/\/trans.damatta.pt\/en\/wp-json\/wp\/v2\/media\/38906"}],"wp:attachment":[{"href":"https:\/\/trans.damatta.pt\/en\/wp-json\/wp\/v2\/media?parent=37667"}],"curies":[{"name":"wp","href":"https:\/\/api.w.org\/{rel}","templated":true}]}}