{"id":37474,"date":"2021-01-19T16:17:45","date_gmt":"2021-01-19T16:17:45","guid":{"rendered":"https:\/\/loja.damatta.pt\/?post_type=product&#038;p=37474"},"modified":"2024-02-08T15:29:44","modified_gmt":"2024-02-08T15:29:44","slug":"presunto-reserva-14-meses-fatiado","status":"publish","type":"product","link":"https:\/\/trans.damatta.pt\/en\/produto\/presunto-reserva-14-meses-fatiado\/","title":{"rendered":"Presunto Reserva 14 Meses Fatiado 70g"},"content":{"rendered":"","protected":false},"excerpt":{"rendered":"<p><span style=\"font-weight: 400;\">A singular e requintada intensidade degustativa do presunto, no melhor ponto de cura, converte-o num produto de excel\u00eancia. Com um sabor verdadeiramente tradicional, este presunto com 14 meses de cura tem um aroma e sabor caracter\u00edstico de curado, e uma versatilidade infinita para acompanhamento na sua degusta\u00e7\u00e3o.<\/span><\/p>\n<p class=\"p1\">70g<\/p>\n<p class=\"p1\">IVA inclu\u00eddo a taxa em vigor<\/p>\n","protected":false},"featured_media":39459,"template":"","meta":[],"yoast_head":"<!-- This site is optimized with the Yoast SEO plugin v15.9.1 - https:\/\/yoast.com\/wordpress\/plugins\/seo\/ -->\n<title>Presunto Reserva 14 Meses Fatiado 70g - Loja Damatta<\/title>\n<meta name=\"description\" content=\"Um Presunto Reserva 14 Meses Fatiado 70g com um sabor caracter\u00edstico e tipicamente portugu\u00eas.\" \/>\n<link rel=\"canonical\" href=\"https:\/\/trans.damatta.pt\/produto\/presunto-reserva-14-meses-fatiado\/\" \/>\n<meta property=\"og:locale\" content=\"en_US\" \/>\n<meta property=\"og:type\" content=\"article\" \/>\n<meta property=\"og:title\" content=\"Presunto Reserva 14 Meses Fatiado 70g - Loja Damatta\" \/>\n<meta property=\"og:description\" content=\"Um Presunto Reserva 14 Meses Fatiado 70g com um sabor caracter\u00edstico e tipicamente portugu\u00eas.\" \/>\n<meta property=\"og:url\" content=\"https:\/\/trans.damatta.pt\/produto\/presunto-reserva-14-meses-fatiado\/\" \/>\n<meta property=\"og:site_name\" content=\"Loja Damatta\" \/>\n<meta property=\"article:modified_time\" content=\"2024-02-08T15:29:44+00:00\" \/>\n<meta property=\"og:image\" content=\"https:\/\/trans.damatta.pt\/wp-content\/uploads\/2021\/01\/teste-3-831x1024.png\" \/>\n\t<meta property=\"og:image:width\" content=\"831\" \/>\n\t<meta property=\"og:image:height\" content=\"1024\" \/>\n<meta name=\"twitter:card\" content=\"summary_large_image\" \/>\n<script type=\"application\/ld+json\" class=\"yoast-schema-graph\">{\"@context\":\"https:\/\/schema.org\",\"@graph\":[{\"@type\":\"Organization\",\"@id\":\"https:\/\/trans.damatta.pt\/#organization\",\"name\":\"Damatta\",\"url\":\"https:\/\/trans.damatta.pt\/\",\"sameAs\":[],\"logo\":{\"@type\":\"ImageObject\",\"@id\":\"https:\/\/trans.damatta.pt\/#logo\",\"inLanguage\":\"en-US\",\"url\":\"https:\/\/trans.damatta.pt\/wp-content\/uploads\/2020\/11\/damatta-152.png\",\"width\":152,\"height\":152,\"caption\":\"Damatta\"},\"image\":{\"@id\":\"https:\/\/trans.damatta.pt\/#logo\"}},{\"@type\":\"WebSite\",\"@id\":\"https:\/\/trans.damatta.pt\/#website\",\"url\":\"https:\/\/trans.damatta.pt\/\",\"name\":\"Loja Damatta\",\"description\":\"O sabor da nossa origem\",\"publisher\":{\"@id\":\"https:\/\/trans.damatta.pt\/#organization\"},\"potentialAction\":[{\"@type\":\"SearchAction\",\"target\":\"https:\/\/trans.damatta.pt\/?s={search_term_string}\",\"query-input\":\"required name=search_term_string\"}],\"inLanguage\":\"en-US\"},{\"@type\":\"ImageObject\",\"@id\":\"https:\/\/trans.damatta.pt\/produto\/presunto-reserva-14-meses-fatiado\/#primaryimage\",\"inLanguage\":\"en-US\",\"url\":\"https:\/\/trans.damatta.pt\/wp-content\/uploads\/2021\/01\/teste-3.png\",\"width\":2079,\"height\":2561},{\"@type\":\"WebPage\",\"@id\":\"https:\/\/trans.damatta.pt\/produto\/presunto-reserva-14-meses-fatiado\/#webpage\",\"url\":\"https:\/\/trans.damatta.pt\/produto\/presunto-reserva-14-meses-fatiado\/\",\"name\":\"Presunto Reserva 14 Meses Fatiado 70g - Loja Damatta\",\"isPartOf\":{\"@id\":\"https:\/\/trans.damatta.pt\/#website\"},\"primaryImageOfPage\":{\"@id\":\"https:\/\/trans.damatta.pt\/produto\/presunto-reserva-14-meses-fatiado\/#primaryimage\"},\"datePublished\":\"2021-01-19T16:17:45+00:00\",\"dateModified\":\"2024-02-08T15:29:44+00:00\",\"description\":\"Um Presunto Reserva 14 Meses Fatiado 70g com um sabor caracter\\u00edstico e tipicamente portugu\\u00eas.\",\"breadcrumb\":{\"@id\":\"https:\/\/trans.damatta.pt\/produto\/presunto-reserva-14-meses-fatiado\/#breadcrumb\"},\"inLanguage\":\"en-US\",\"potentialAction\":[{\"@type\":\"ReadAction\",\"target\":[\"https:\/\/trans.damatta.pt\/produto\/presunto-reserva-14-meses-fatiado\/\"]}]},{\"@type\":\"BreadcrumbList\",\"@id\":\"https:\/\/trans.damatta.pt\/produto\/presunto-reserva-14-meses-fatiado\/#breadcrumb\",\"itemListElement\":[{\"@type\":\"ListItem\",\"position\":1,\"item\":{\"@type\":\"WebPage\",\"@id\":\"https:\/\/trans.damatta.pt\/\",\"url\":\"https:\/\/trans.damatta.pt\/\",\"name\":\"In\\u00edcio\"}},{\"@type\":\"ListItem\",\"position\":2,\"item\":{\"@type\":\"WebPage\",\"@id\":\"https:\/\/trans.damatta.pt\/en\/shop-2\/\",\"url\":\"https:\/\/trans.damatta.pt\/en\/shop-2\/\",\"name\":\"Shop\"}},{\"@type\":\"ListItem\",\"position\":3,\"item\":{\"@type\":\"WebPage\",\"@id\":\"https:\/\/trans.damatta.pt\/produto\/presunto-reserva-14-meses-fatiado\/\",\"url\":\"https:\/\/trans.damatta.pt\/produto\/presunto-reserva-14-meses-fatiado\/\",\"name\":\"Presunto Reserva 14 Meses Fatiado 70g\"}}]}]}<\/script>\n<!-- \/ Yoast SEO plugin. -->","_links":{"self":[{"href":"https:\/\/trans.damatta.pt\/en\/wp-json\/wp\/v2\/product\/37474"}],"collection":[{"href":"https:\/\/trans.damatta.pt\/en\/wp-json\/wp\/v2\/product"}],"about":[{"href":"https:\/\/trans.damatta.pt\/en\/wp-json\/wp\/v2\/types\/product"}],"wp:featuredmedia":[{"embeddable":true,"href":"https:\/\/trans.damatta.pt\/en\/wp-json\/wp\/v2\/media\/39459"}],"wp:attachment":[{"href":"https:\/\/trans.damatta.pt\/en\/wp-json\/wp\/v2\/media?parent=37474"}],"curies":[{"name":"wp","href":"https:\/\/api.w.org\/{rel}","templated":true}]}}