{"id":37472,"date":"2021-01-19T16:12:14","date_gmt":"2021-01-19T16:12:14","guid":{"rendered":"https:\/\/loja.damatta.pt\/?post_type=product&#038;p=37472"},"modified":"2024-03-01T11:14:08","modified_gmt":"2024-03-01T11:14:08","slug":"chourico-beirao","status":"publish","type":"product","link":"https:\/\/trans.damatta.pt\/en\/produto\/chourico-beirao\/","title":{"rendered":"Chouri\u00e7o Beir\u00e3o 225g"},"content":{"rendered":"","protected":false},"excerpt":{"rendered":"<p><span style=\"font-weight: 400;\">Seguimos a tradi\u00e7\u00e3o h\u00e1 110 anos. Respeitamos as antigas receitas regionais e utilizamos o m\u00e9todo de fumeiro de antigamente, com lenha de sobro e azinho, que confere aos nossos produtos um sabor verdadeiro.<\/span><\/p>\n<p>O chouri\u00e7o Beir\u00e3o \u00e9 confecionado com especiarias regionais que Ihe conferem um sabor caracter\u00edstico, e \u00e9 cheio em tripa natural.<\/p>\n<p class=\"p1\">225g<\/p>\n<p class=\"p1\">IVA inclu\u00eddo a taxa em vigor<\/p>\n","protected":false},"featured_media":38913,"template":"","meta":[],"yoast_head":"<!-- This site is optimized with the Yoast SEO plugin v15.9.1 - https:\/\/yoast.com\/wordpress\/plugins\/seo\/ -->\n<title>Chouri\u00e7o Beir\u00e3o 225g - Loja Damatta<\/title>\n<meta name=\"description\" content=\"Um Chouri\u00e7o Beir\u00e3o 225g com um sabor caracter\u00edstico e tipicamente portugu\u00eas.\" \/>\n<link rel=\"canonical\" href=\"https:\/\/trans.damatta.pt\/produto\/chourico-beirao\/\" \/>\n<meta property=\"og:locale\" content=\"en_US\" \/>\n<meta property=\"og:type\" content=\"article\" \/>\n<meta property=\"og:title\" content=\"Chouri\u00e7o Beir\u00e3o 225g - Loja Damatta\" \/>\n<meta property=\"og:description\" content=\"Um Chouri\u00e7o Beir\u00e3o 225g com um sabor caracter\u00edstico e tipicamente portugu\u00eas.\" \/>\n<meta property=\"og:url\" content=\"https:\/\/trans.damatta.pt\/produto\/chourico-beirao\/\" \/>\n<meta property=\"og:site_name\" content=\"Loja Damatta\" \/>\n<meta property=\"article:modified_time\" content=\"2024-03-01T11:14:08+00:00\" \/>\n<meta property=\"og:image\" content=\"https:\/\/trans.damatta.pt\/wp-content\/uploads\/2021\/01\/Mockup_ChouricoBeirao_Damatta_v02.png\" \/>\n\t<meta property=\"og:image:width\" content=\"2560\" \/>\n\t<meta property=\"og:image:height\" content=\"2560\" \/>\n<meta name=\"twitter:card\" content=\"summary_large_image\" \/>\n<script type=\"application\/ld+json\" class=\"yoast-schema-graph\">{\"@context\":\"https:\/\/schema.org\",\"@graph\":[{\"@type\":\"Organization\",\"@id\":\"https:\/\/trans.damatta.pt\/#organization\",\"name\":\"Damatta\",\"url\":\"https:\/\/trans.damatta.pt\/\",\"sameAs\":[],\"logo\":{\"@type\":\"ImageObject\",\"@id\":\"https:\/\/trans.damatta.pt\/#logo\",\"inLanguage\":\"en-US\",\"url\":\"https:\/\/trans.damatta.pt\/wp-content\/uploads\/2020\/11\/damatta-152.png\",\"width\":152,\"height\":152,\"caption\":\"Damatta\"},\"image\":{\"@id\":\"https:\/\/trans.damatta.pt\/#logo\"}},{\"@type\":\"WebSite\",\"@id\":\"https:\/\/trans.damatta.pt\/#website\",\"url\":\"https:\/\/trans.damatta.pt\/\",\"name\":\"Loja Damatta\",\"description\":\"O sabor da nossa origem\",\"publisher\":{\"@id\":\"https:\/\/trans.damatta.pt\/#organization\"},\"potentialAction\":[{\"@type\":\"SearchAction\",\"target\":\"https:\/\/trans.damatta.pt\/?s={search_term_string}\",\"query-input\":\"required name=search_term_string\"}],\"inLanguage\":\"en-US\"},{\"@type\":\"ImageObject\",\"@id\":\"https:\/\/trans.damatta.pt\/produto\/chourico-beirao\/#primaryimage\",\"inLanguage\":\"en-US\",\"url\":\"https:\/\/trans.damatta.pt\/wp-content\/uploads\/2021\/01\/Mockup_ChouricoBeirao_Damatta_v02.png\",\"width\":2560,\"height\":2560},{\"@type\":\"WebPage\",\"@id\":\"https:\/\/trans.damatta.pt\/produto\/chourico-beirao\/#webpage\",\"url\":\"https:\/\/trans.damatta.pt\/produto\/chourico-beirao\/\",\"name\":\"Chouri\\u00e7o Beir\\u00e3o 225g - Loja Damatta\",\"isPartOf\":{\"@id\":\"https:\/\/trans.damatta.pt\/#website\"},\"primaryImageOfPage\":{\"@id\":\"https:\/\/trans.damatta.pt\/produto\/chourico-beirao\/#primaryimage\"},\"datePublished\":\"2021-01-19T16:12:14+00:00\",\"dateModified\":\"2024-03-01T11:14:08+00:00\",\"description\":\"Um Chouri\\u00e7o Beir\\u00e3o 225g com um sabor caracter\\u00edstico e tipicamente portugu\\u00eas.\",\"breadcrumb\":{\"@id\":\"https:\/\/trans.damatta.pt\/produto\/chourico-beirao\/#breadcrumb\"},\"inLanguage\":\"en-US\",\"potentialAction\":[{\"@type\":\"ReadAction\",\"target\":[\"https:\/\/trans.damatta.pt\/produto\/chourico-beirao\/\"]}]},{\"@type\":\"BreadcrumbList\",\"@id\":\"https:\/\/trans.damatta.pt\/produto\/chourico-beirao\/#breadcrumb\",\"itemListElement\":[{\"@type\":\"ListItem\",\"position\":1,\"item\":{\"@type\":\"WebPage\",\"@id\":\"https:\/\/trans.damatta.pt\/\",\"url\":\"https:\/\/trans.damatta.pt\/\",\"name\":\"In\\u00edcio\"}},{\"@type\":\"ListItem\",\"position\":2,\"item\":{\"@type\":\"WebPage\",\"@id\":\"https:\/\/trans.damatta.pt\/en\/shop-2\/\",\"url\":\"https:\/\/trans.damatta.pt\/en\/shop-2\/\",\"name\":\"Shop\"}},{\"@type\":\"ListItem\",\"position\":3,\"item\":{\"@type\":\"WebPage\",\"@id\":\"https:\/\/trans.damatta.pt\/produto\/chourico-beirao\/\",\"url\":\"https:\/\/trans.damatta.pt\/produto\/chourico-beirao\/\",\"name\":\"Chouri\\u00e7o Beir\\u00e3o 225g\"}}]}]}<\/script>\n<!-- \/ Yoast SEO plugin. -->","_links":{"self":[{"href":"https:\/\/trans.damatta.pt\/en\/wp-json\/wp\/v2\/product\/37472"}],"collection":[{"href":"https:\/\/trans.damatta.pt\/en\/wp-json\/wp\/v2\/product"}],"about":[{"href":"https:\/\/trans.damatta.pt\/en\/wp-json\/wp\/v2\/types\/product"}],"wp:featuredmedia":[{"embeddable":true,"href":"https:\/\/trans.damatta.pt\/en\/wp-json\/wp\/v2\/media\/38913"}],"wp:attachment":[{"href":"https:\/\/trans.damatta.pt\/en\/wp-json\/wp\/v2\/media?parent=37472"}],"curies":[{"name":"wp","href":"https:\/\/api.w.org\/{rel}","templated":true}]}}