{"id":37100,"date":"2020-11-25T13:55:44","date_gmt":"2020-11-25T13:55:44","guid":{"rendered":"http:\/\/damatta.connection.pt\/product\/import-placeholder-for-7\/"},"modified":"2024-03-01T11:14:08","modified_gmt":"2024-03-01T11:14:08","slug":"pack-mini","status":"publish","type":"product","link":"https:\/\/trans.damatta.pt\/en\/produto\/pack-mini\/","title":{"rendered":"Pack Presunto Mini Cl\u00e1ssico 1 Kg Oferta Base Exposi\u00e7\u00e3o"},"content":{"rendered":"","protected":false},"excerpt":{"rendered":"<p><span style=\"font-weight: 400;\">Neste Pack vai encontrar um presunto, com 1Kg, caracterizado por um aroma e sabor caracter\u00edsticos de curado, uma base de exposi\u00e7\u00e3o e um guia de corte.\u00a0<\/span><\/p>\n<p>&nbsp;<\/p>\n<p>Peso: 1 Kg<\/p>\n<p class=\"p1\">IVA inclu\u00eddo a taxa em vigor<\/p>\n","protected":false},"featured_media":39443,"template":"","meta":[],"yoast_head":"<!-- This site is optimized with the Yoast SEO plugin v15.9.1 - https:\/\/yoast.com\/wordpress\/plugins\/seo\/ -->\n<title>Pack Presunto Mini Cl\u00e1ssico 1 Kg Oferta Base Exposi\u00e7\u00e3o - Loja Damatta<\/title>\n<meta name=\"description\" content=\"Um Pack Presunto Mini Cl\u00e1ssico 1 Kg Oferta Base Exposi\u00e7\u00e3o com um sabor caracter\u00edstico e tipicamente portugu\u00eas.\" \/>\n<link rel=\"canonical\" href=\"https:\/\/trans.damatta.pt\/produto\/pack-mini\/\" \/>\n<meta property=\"og:locale\" content=\"en_US\" \/>\n<meta property=\"og:type\" content=\"article\" \/>\n<meta property=\"og:title\" content=\"Pack Presunto Mini Cl\u00e1ssico 1 Kg Oferta Base Exposi\u00e7\u00e3o - Loja Damatta\" \/>\n<meta property=\"og:description\" content=\"Um Pack Presunto Mini Cl\u00e1ssico 1 Kg Oferta Base Exposi\u00e7\u00e3o com um sabor caracter\u00edstico e tipicamente portugu\u00eas.\" \/>\n<meta property=\"og:url\" content=\"https:\/\/trans.damatta.pt\/produto\/pack-mini\/\" \/>\n<meta property=\"og:site_name\" content=\"Loja Damatta\" \/>\n<meta property=\"article:modified_time\" content=\"2024-03-01T11:14:08+00:00\" \/>\n<meta property=\"og:image\" content=\"https:\/\/trans.damatta.pt\/wp-content\/uploads\/2020\/11\/Untitled-design-11-2-1024x1024.png\" \/>\n\t<meta property=\"og:image:width\" content=\"1024\" \/>\n\t<meta property=\"og:image:height\" content=\"1024\" \/>\n<meta name=\"twitter:card\" content=\"summary_large_image\" \/>\n<script type=\"application\/ld+json\" class=\"yoast-schema-graph\">{\"@context\":\"https:\/\/schema.org\",\"@graph\":[{\"@type\":\"Organization\",\"@id\":\"https:\/\/trans.damatta.pt\/#organization\",\"name\":\"Damatta\",\"url\":\"https:\/\/trans.damatta.pt\/\",\"sameAs\":[],\"logo\":{\"@type\":\"ImageObject\",\"@id\":\"https:\/\/trans.damatta.pt\/#logo\",\"inLanguage\":\"en-US\",\"url\":\"https:\/\/trans.damatta.pt\/wp-content\/uploads\/2020\/11\/damatta-152.png\",\"width\":152,\"height\":152,\"caption\":\"Damatta\"},\"image\":{\"@id\":\"https:\/\/trans.damatta.pt\/#logo\"}},{\"@type\":\"WebSite\",\"@id\":\"https:\/\/trans.damatta.pt\/#website\",\"url\":\"https:\/\/trans.damatta.pt\/\",\"name\":\"Loja Damatta\",\"description\":\"O sabor da nossa origem\",\"publisher\":{\"@id\":\"https:\/\/trans.damatta.pt\/#organization\"},\"potentialAction\":[{\"@type\":\"SearchAction\",\"target\":\"https:\/\/trans.damatta.pt\/?s={search_term_string}\",\"query-input\":\"required name=search_term_string\"}],\"inLanguage\":\"en-US\"},{\"@type\":\"ImageObject\",\"@id\":\"https:\/\/trans.damatta.pt\/produto\/pack-mini\/#primaryimage\",\"inLanguage\":\"en-US\",\"url\":\"https:\/\/trans.damatta.pt\/wp-content\/uploads\/2020\/11\/Untitled-design-11-2.png\",\"width\":2048,\"height\":2048},{\"@type\":\"WebPage\",\"@id\":\"https:\/\/trans.damatta.pt\/produto\/pack-mini\/#webpage\",\"url\":\"https:\/\/trans.damatta.pt\/produto\/pack-mini\/\",\"name\":\"Pack Presunto Mini Cl\\u00e1ssico 1 Kg Oferta Base Exposi\\u00e7\\u00e3o - Loja Damatta\",\"isPartOf\":{\"@id\":\"https:\/\/trans.damatta.pt\/#website\"},\"primaryImageOfPage\":{\"@id\":\"https:\/\/trans.damatta.pt\/produto\/pack-mini\/#primaryimage\"},\"datePublished\":\"2020-11-25T13:55:44+00:00\",\"dateModified\":\"2024-03-01T11:14:08+00:00\",\"description\":\"Um Pack Presunto Mini Cl\\u00e1ssico 1 Kg Oferta Base Exposi\\u00e7\\u00e3o com um sabor caracter\\u00edstico e tipicamente portugu\\u00eas.\",\"breadcrumb\":{\"@id\":\"https:\/\/trans.damatta.pt\/produto\/pack-mini\/#breadcrumb\"},\"inLanguage\":\"en-US\",\"potentialAction\":[{\"@type\":\"ReadAction\",\"target\":[\"https:\/\/trans.damatta.pt\/produto\/pack-mini\/\"]}]},{\"@type\":\"BreadcrumbList\",\"@id\":\"https:\/\/trans.damatta.pt\/produto\/pack-mini\/#breadcrumb\",\"itemListElement\":[{\"@type\":\"ListItem\",\"position\":1,\"item\":{\"@type\":\"WebPage\",\"@id\":\"https:\/\/trans.damatta.pt\/\",\"url\":\"https:\/\/trans.damatta.pt\/\",\"name\":\"In\\u00edcio\"}},{\"@type\":\"ListItem\",\"position\":2,\"item\":{\"@type\":\"WebPage\",\"@id\":\"https:\/\/trans.damatta.pt\/en\/shop-2\/\",\"url\":\"https:\/\/trans.damatta.pt\/en\/shop-2\/\",\"name\":\"Shop\"}},{\"@type\":\"ListItem\",\"position\":3,\"item\":{\"@type\":\"WebPage\",\"@id\":\"https:\/\/trans.damatta.pt\/produto\/pack-mini\/\",\"url\":\"https:\/\/trans.damatta.pt\/produto\/pack-mini\/\",\"name\":\"Pack Presunto Mini Cl\\u00e1ssico 1 Kg Oferta Base Exposi\\u00e7\\u00e3o\"}}]}]}<\/script>\n<!-- \/ Yoast SEO plugin. -->","_links":{"self":[{"href":"https:\/\/trans.damatta.pt\/en\/wp-json\/wp\/v2\/product\/37100"}],"collection":[{"href":"https:\/\/trans.damatta.pt\/en\/wp-json\/wp\/v2\/product"}],"about":[{"href":"https:\/\/trans.damatta.pt\/en\/wp-json\/wp\/v2\/types\/product"}],"wp:featuredmedia":[{"embeddable":true,"href":"https:\/\/trans.damatta.pt\/en\/wp-json\/wp\/v2\/media\/39443"}],"wp:attachment":[{"href":"https:\/\/trans.damatta.pt\/en\/wp-json\/wp\/v2\/media?parent=37100"}],"curies":[{"name":"wp","href":"https:\/\/api.w.org\/{rel}","templated":true}]}}